{"id":2641,"date":"2023-04-02T20:01:32","date_gmt":"2023-04-02T18:01:32","guid":{"rendered":"https:\/\/nrracing21.com\/?page_id=2641"},"modified":"2026-02-25T08:28:59","modified_gmt":"2026-02-25T07:28:59","slug":"nos-occasions","status":"publish","type":"page","link":"https:\/\/nrracing21.com\/?page_id=2641","title":{"rendered":"NOS OCCASIONS2"},"content":{"rendered":"\t\t<div data-elementor-type=\"wp-page\" data-elementor-id=\"2641\" class=\"elementor elementor-2641\">\n\t\t\t\t\t\t<section class=\"elementor-section elementor-top-section elementor-element elementor-element-c8821fb elementor-section-boxed elementor-section-height-default elementor-section-height-default wpr-particle-no wpr-jarallax-no wpr-parallax-no wpr-sticky-section-no wpr-equal-height-no\" data-id=\"c8821fb\" data-element_type=\"section\">\n\t\t\t\t\t\t<div class=\"elementor-container elementor-column-gap-default\">\n\t\t\t\t\t<div class=\"elementor-column elementor-col-100 elementor-top-column elementor-element elementor-element-735ccce\" data-id=\"735ccce\" data-element_type=\"column\">\n\t\t\t<div class=\"elementor-widget-wrap elementor-element-populated\">\n\t\t\t\t\t\t<div class=\"elementor-element elementor-element-5f86296 elementor-widget elementor-widget-image\" data-id=\"5f86296\" data-element_type=\"widget\" data-widget_type=\"image.default\">\n\t\t\t\t<div class=\"elementor-widget-container\">\n\t\t\t\t\t\t\t\t\t\t\t\t\t\t\t\t<a href=\"https:\/\/reseau.motoconcess.fr\/nr-racing\">\n\t\t\t\t\t\t\t<img decoding=\"async\" src=\"https:\/\/i0.wp.com\/nrracing21.com\/wp-content\/uploads\/2023\/04\/magasin.jpg?fit=2040%2C1530&#038;ssl=1\" title=\"magasin\" alt=\"magasin\" loading=\"lazy\" \/>\t\t\t\t\t\t\t\t<\/a>\n\t\t\t\t\t\t\t\t\t\t\t\t\t\t\t<\/div>\n\t\t\t\t<\/div>\n\t\t\t\t\t<\/div>\n\t\t<\/div>\n\t\t\t\t\t<\/div>\n\t\t<\/section>\n\t\t\t\t<section class=\"elementor-section elementor-top-section elementor-element elementor-element-2a8e5b9 elementor-section-boxed elementor-section-height-default elementor-section-height-default wpr-particle-no wpr-jarallax-no wpr-parallax-no wpr-sticky-section-no wpr-equal-height-no\" data-id=\"2a8e5b9\" data-element_type=\"section\">\n\t\t\t\t\t\t<div class=\"elementor-container elementor-column-gap-default\">\n\t\t\t\t\t<div class=\"elementor-column elementor-col-100 elementor-top-column elementor-element elementor-element-d981d46\" data-id=\"d981d46\" data-element_type=\"column\">\n\t\t\t<div class=\"elementor-widget-wrap elementor-element-populated\">\n\t\t\t\t\t\t<div class=\"elementor-element elementor-element-9e1aa41 elementor-widget elementor-widget-heading\" data-id=\"9e1aa41\" data-element_type=\"widget\" data-widget_type=\"heading.default\">\n\t\t\t\t<div class=\"elementor-widget-container\">\n\t\t\t\t\t<h1 class=\"elementor-heading-title elementor-size-large\">\ud83d\ude80 Nos Occasions Moto : Pr\u00eates \u00e0 Rouler, Pr\u00eates \u00e0 Vous \u00c9merveiller !\n\nVous cherchez la moto de vos r\u00eaves sans vous ruiner ? Chez NR Racing, nous s\u00e9lectionnons avec soin chaque moto d\u2019occasion pour qu\u2019elle vous offre fiabilit\u00e9, style et sensations d\u00e8s le premier tour de roue.\n\n\ud83d\udca5 Pourquoi choisir nos occasions ?\n\nContr\u00f4le qualit\u00e9 complet : Chaque moto est r\u00e9vis\u00e9e et pr\u00eate \u00e0 prendre la route.\n\nPrix attractifs : Des occasions \u00e0 des tarifs imbattables, sans compromis sur la qualit\u00e9.\n\nVari\u00e9t\u00e9 et choix : Sportives, roadsters, customs\u2026 il y en a pour tous les go\u00fbts.\n\nNe laissez pas passer votre prochaine aventure sur deux roues. D\u00e9couvrez notre stock et trouvez la moto qui vous fera vibrer !\n\n\ud83d\udd17 https:\/\/reseau.motoconcess.fr\/nr-racing\nOu cliquez sur la photo du haut pour d\u00e9couvrir nos occasions...<\/h1>\t\t\t\t<\/div>\n\t\t\t\t<\/div>\n\t\t\t\t\t<\/div>\n\t\t<\/div>\n\t\t\t\t\t<\/div>\n\t\t<\/section>\n\t\t\t\t<\/div>\n\t\t","protected":false},"excerpt":{"rendered":"<p>\ud83d\ude80 Nos Occasions Moto : Pr\u00eates \u00e0 Rouler, Pr\u00eates \u00e0 Vous \u00c9merveiller ! Vous cherchez la moto de vos r\u00eaves sans vous ruiner ? Chez NR Racing, nous s\u00e9lectionnons avec soin chaque moto d\u2019occasion pour qu\u2019elle vous offre fiabilit\u00e9, style et sensations d\u00e8s le premier tour de roue. \ud83d\udca5 Pourquoi choisir nos occasions ? Contr\u00f4le qualit\u00e9 complet : Chaque moto est r\u00e9vis\u00e9e et pr\u00eate \u00e0 prendre la route. Prix attractifs : Des occasions \u00e0 des tarifs imbattables, sans compromis sur la qualit\u00e9. Vari\u00e9t\u00e9 et choix : Sportives, roadsters, customs\u2026 il y en a pour tous les go\u00fbts. Ne laissez pas passer votre prochaine aventure sur deux roues. D\u00e9couvrez notre stock et trouvez la moto qui vous fera vibrer ! \ud83d\udd17 https:\/\/reseau.motoconcess.fr\/nr-racing Ou cliquez sur la photo du haut pour d\u00e9couvrir nos occasions&#8230;<\/p>\n","protected":false},"author":1,"featured_media":2567,"parent":0,"menu_order":0,"comment_status":"closed","ping_status":"closed","template":"","meta":{"_monsterinsights_skip_tracking":false,"_monsterinsights_sitenote_active":false,"_monsterinsights_sitenote_note":"","_monsterinsights_sitenote_category":0,"site-sidebar-layout":"no-sidebar","site-content-layout":"page-builder","ast-site-content-layout":"default","site-content-style":"default","site-sidebar-style":"default","ast-global-header-display":"","ast-banner-title-visibility":"","ast-main-header-display":"","ast-hfb-above-header-display":"","ast-hfb-below-header-display":"","ast-hfb-mobile-header-display":"","site-post-title":"disabled","ast-breadcrumbs-content":"","ast-featured-img":"disabled","footer-sml-layout":"","theme-transparent-header-meta":"","adv-header-id-meta":"","stick-header-meta":"","header-above-stick-meta":"","header-main-stick-meta":"","header-below-stick-meta":"","astra-migrate-meta-layouts":"default","ast-page-background-enabled":"default","ast-page-background-meta":{"desktop":{"background-color":"var(--ast-global-color-4)","background-image":"","background-repeat":"repeat","background-position":"center center","background-size":"auto","background-attachment":"scroll","background-type":"","background-media":"","overlay-type":"","overlay-color":"","overlay-opacity":"","overlay-gradient":""},"tablet":{"background-color":"","background-image":"","background-repeat":"repeat","background-position":"center center","background-size":"auto","background-attachment":"scroll","background-type":"","background-media":"","overlay-type":"","overlay-color":"","overlay-opacity":"","overlay-gradient":""},"mobile":{"background-color":"","background-image":"","background-repeat":"repeat","background-position":"center center","background-size":"auto","background-attachment":"scroll","background-type":"","background-media":"","overlay-type":"","overlay-color":"","overlay-opacity":"","overlay-gradient":""}},"ast-content-background-meta":{"desktop":{"background-color":"var(--ast-global-color-5)","background-image":"","background-repeat":"repeat","background-position":"center center","background-size":"auto","background-attachment":"scroll","background-type":"","background-media":"","overlay-type":"","overlay-color":"","overlay-opacity":"","overlay-gradient":""},"tablet":{"background-color":"var(--ast-global-color-5)","background-image":"","background-repeat":"repeat","background-position":"center center","background-size":"auto","background-attachment":"scroll","background-type":"","background-media":"","overlay-type":"","overlay-color":"","overlay-opacity":"","overlay-gradient":""},"mobile":{"background-color":"var(--ast-global-color-5)","background-image":"","background-repeat":"repeat","background-position":"center center","background-size":"auto","background-attachment":"scroll","background-type":"","background-media":"","overlay-type":"","overlay-color":"","overlay-opacity":"","overlay-gradient":""}},"footnotes":""},"yoast_head":"<!-- This site is optimized with the Yoast SEO plugin v24.5 - https:\/\/yoast.com\/wordpress\/plugins\/seo\/ -->\n<title>NOS OCCASIONS2 - NR RACING<\/title>\n<meta name=\"description\" content=\"NR RACING votre sp\u00e9cialiste de motos d&#039;occasions sur la bourgogne et le secteur de Dijon. Concessionnaire moto multimarques pour le 21\" \/>\n<meta name=\"robots\" content=\"index, follow, max-snippet:-1, max-image-preview:large, max-video-preview:-1\" \/>\n<link rel=\"canonical\" href=\"https:\/\/nrracing21.com\/?page_id=2641\" \/>\n<meta property=\"og:locale\" content=\"fr_FR\" \/>\n<meta property=\"og:type\" content=\"article\" \/>\n<meta property=\"og:title\" content=\"NOS OCCASIONS2 - NR RACING\" \/>\n<meta property=\"og:description\" content=\"NR RACING votre sp\u00e9cialiste de motos d&#039;occasions sur la bourgogne et le secteur de Dijon. Concessionnaire moto multimarques pour le 21\" \/>\n<meta property=\"og:url\" content=\"https:\/\/nrracing21.com\/?page_id=2641\" \/>\n<meta property=\"og:site_name\" content=\"NR RACING\" \/>\n<meta property=\"article:publisher\" content=\"https:\/\/www.facebook.com\/NrRacingFixin\/\" \/>\n<meta property=\"article:modified_time\" content=\"2026-02-25T07:28:59+00:00\" \/>\n<meta property=\"og:image\" content=\"https:\/\/nrracing21.com\/wp-content\/uploads\/2023\/04\/magasin2.jpg\" \/>\n\t<meta property=\"og:image:width\" content=\"2040\" \/>\n\t<meta property=\"og:image:height\" content=\"1273\" \/>\n\t<meta property=\"og:image:type\" content=\"image\/jpeg\" \/>\n<meta name=\"twitter:card\" content=\"summary_large_image\" \/>\n<meta name=\"twitter:label1\" content=\"Dur\u00e9e de lecture estim\u00e9e\" \/>\n\t<meta name=\"twitter:data1\" content=\"1 minute\" \/>\n<script type=\"application\/ld+json\" class=\"yoast-schema-graph\">{\"@context\":\"https:\/\/schema.org\",\"@graph\":[{\"@type\":\"WebPage\",\"@id\":\"https:\/\/nrracing21.com\/?page_id=2641\",\"url\":\"https:\/\/nrracing21.com\/?page_id=2641\",\"name\":\"NOS OCCASIONS2 - NR RACING\",\"isPartOf\":{\"@id\":\"https:\/\/nrracing21.com\/#website\"},\"primaryImageOfPage\":{\"@id\":\"https:\/\/nrracing21.com\/?page_id=2641#primaryimage\"},\"image\":{\"@id\":\"https:\/\/nrracing21.com\/?page_id=2641#primaryimage\"},\"thumbnailUrl\":\"https:\/\/i0.wp.com\/nrracing21.com\/wp-content\/uploads\/2023\/04\/magasin2.jpg?fit=2040%2C1273&ssl=1\",\"datePublished\":\"2023-04-02T18:01:32+00:00\",\"dateModified\":\"2026-02-25T07:28:59+00:00\",\"description\":\"NR RACING votre sp\u00e9cialiste de motos d'occasions sur la bourgogne et le secteur de Dijon. Concessionnaire moto multimarques pour le 21\",\"breadcrumb\":{\"@id\":\"https:\/\/nrracing21.com\/?page_id=2641#breadcrumb\"},\"inLanguage\":\"fr-FR\",\"potentialAction\":[{\"@type\":\"ReadAction\",\"target\":[\"https:\/\/nrracing21.com\/?page_id=2641\"]}]},{\"@type\":\"ImageObject\",\"inLanguage\":\"fr-FR\",\"@id\":\"https:\/\/nrracing21.com\/?page_id=2641#primaryimage\",\"url\":\"https:\/\/i0.wp.com\/nrracing21.com\/wp-content\/uploads\/2023\/04\/magasin2.jpg?fit=2040%2C1273&ssl=1\",\"contentUrl\":\"https:\/\/i0.wp.com\/nrracing21.com\/wp-content\/uploads\/2023\/04\/magasin2.jpg?fit=2040%2C1273&ssl=1\",\"width\":2040,\"height\":1273,\"caption\":\"nr racing votre concessionnaire moto multimarques\"},{\"@type\":\"BreadcrumbList\",\"@id\":\"https:\/\/nrracing21.com\/?page_id=2641#breadcrumb\",\"itemListElement\":[{\"@type\":\"ListItem\",\"position\":1,\"name\":\"Accueil\",\"item\":\"https:\/\/nrracing21.com\/\"},{\"@type\":\"ListItem\",\"position\":2,\"name\":\"NOS OCCASIONS2\"}]},{\"@type\":\"WebSite\",\"@id\":\"https:\/\/nrracing21.com\/#website\",\"url\":\"https:\/\/nrracing21.com\/\",\"name\":\"NR RACING\",\"description\":\"Notre passion \u00e0 votre service\",\"publisher\":{\"@id\":\"https:\/\/nrracing21.com\/#organization\"},\"potentialAction\":[{\"@type\":\"SearchAction\",\"target\":{\"@type\":\"EntryPoint\",\"urlTemplate\":\"https:\/\/nrracing21.com\/?s={search_term_string}\"},\"query-input\":{\"@type\":\"PropertyValueSpecification\",\"valueRequired\":true,\"valueName\":\"search_term_string\"}}],\"inLanguage\":\"fr-FR\"},{\"@type\":\"Organization\",\"@id\":\"https:\/\/nrracing21.com\/#organization\",\"name\":\"NR RACING\",\"url\":\"https:\/\/nrracing21.com\/\",\"logo\":{\"@type\":\"ImageObject\",\"inLanguage\":\"fr-FR\",\"@id\":\"https:\/\/nrracing21.com\/#\/schema\/logo\/image\/\",\"url\":\"https:\/\/i0.wp.com\/nrracing21.com\/wp-content\/uploads\/2023\/03\/cropped-nr-2.jpg?fit=1249%2C343&ssl=1\",\"contentUrl\":\"https:\/\/i0.wp.com\/nrracing21.com\/wp-content\/uploads\/2023\/03\/cropped-nr-2.jpg?fit=1249%2C343&ssl=1\",\"width\":1249,\"height\":343,\"caption\":\"NR RACING\"},\"image\":{\"@id\":\"https:\/\/nrracing21.com\/#\/schema\/logo\/image\/\"},\"sameAs\":[\"https:\/\/www.facebook.com\/NrRacingFixin\/\"]}]}<\/script>\n<!-- \/ Yoast SEO plugin. -->","yoast_head_json":{"title":"NOS OCCASIONS2 - NR RACING","description":"NR RACING votre sp\u00e9cialiste de motos d'occasions sur la bourgogne et le secteur de Dijon. Concessionnaire moto multimarques pour le 21","robots":{"index":"index","follow":"follow","max-snippet":"max-snippet:-1","max-image-preview":"max-image-preview:large","max-video-preview":"max-video-preview:-1"},"canonical":"https:\/\/nrracing21.com\/?page_id=2641","og_locale":"fr_FR","og_type":"article","og_title":"NOS OCCASIONS2 - NR RACING","og_description":"NR RACING votre sp\u00e9cialiste de motos d'occasions sur la bourgogne et le secteur de Dijon. Concessionnaire moto multimarques pour le 21","og_url":"https:\/\/nrracing21.com\/?page_id=2641","og_site_name":"NR RACING","article_publisher":"https:\/\/www.facebook.com\/NrRacingFixin\/","article_modified_time":"2026-02-25T07:28:59+00:00","og_image":[{"width":2040,"height":1273,"url":"https:\/\/nrracing21.com\/wp-content\/uploads\/2023\/04\/magasin2.jpg","type":"image\/jpeg"}],"twitter_card":"summary_large_image","twitter_misc":{"Dur\u00e9e de lecture estim\u00e9e":"1 minute"},"schema":{"@context":"https:\/\/schema.org","@graph":[{"@type":"WebPage","@id":"https:\/\/nrracing21.com\/?page_id=2641","url":"https:\/\/nrracing21.com\/?page_id=2641","name":"NOS OCCASIONS2 - NR RACING","isPartOf":{"@id":"https:\/\/nrracing21.com\/#website"},"primaryImageOfPage":{"@id":"https:\/\/nrracing21.com\/?page_id=2641#primaryimage"},"image":{"@id":"https:\/\/nrracing21.com\/?page_id=2641#primaryimage"},"thumbnailUrl":"https:\/\/i0.wp.com\/nrracing21.com\/wp-content\/uploads\/2023\/04\/magasin2.jpg?fit=2040%2C1273&ssl=1","datePublished":"2023-04-02T18:01:32+00:00","dateModified":"2026-02-25T07:28:59+00:00","description":"NR RACING votre sp\u00e9cialiste de motos d'occasions sur la bourgogne et le secteur de Dijon. Concessionnaire moto multimarques pour le 21","breadcrumb":{"@id":"https:\/\/nrracing21.com\/?page_id=2641#breadcrumb"},"inLanguage":"fr-FR","potentialAction":[{"@type":"ReadAction","target":["https:\/\/nrracing21.com\/?page_id=2641"]}]},{"@type":"ImageObject","inLanguage":"fr-FR","@id":"https:\/\/nrracing21.com\/?page_id=2641#primaryimage","url":"https:\/\/i0.wp.com\/nrracing21.com\/wp-content\/uploads\/2023\/04\/magasin2.jpg?fit=2040%2C1273&ssl=1","contentUrl":"https:\/\/i0.wp.com\/nrracing21.com\/wp-content\/uploads\/2023\/04\/magasin2.jpg?fit=2040%2C1273&ssl=1","width":2040,"height":1273,"caption":"nr racing votre concessionnaire moto multimarques"},{"@type":"BreadcrumbList","@id":"https:\/\/nrracing21.com\/?page_id=2641#breadcrumb","itemListElement":[{"@type":"ListItem","position":1,"name":"Accueil","item":"https:\/\/nrracing21.com\/"},{"@type":"ListItem","position":2,"name":"NOS OCCASIONS2"}]},{"@type":"WebSite","@id":"https:\/\/nrracing21.com\/#website","url":"https:\/\/nrracing21.com\/","name":"NR RACING","description":"Notre passion \u00e0 votre service","publisher":{"@id":"https:\/\/nrracing21.com\/#organization"},"potentialAction":[{"@type":"SearchAction","target":{"@type":"EntryPoint","urlTemplate":"https:\/\/nrracing21.com\/?s={search_term_string}"},"query-input":{"@type":"PropertyValueSpecification","valueRequired":true,"valueName":"search_term_string"}}],"inLanguage":"fr-FR"},{"@type":"Organization","@id":"https:\/\/nrracing21.com\/#organization","name":"NR RACING","url":"https:\/\/nrracing21.com\/","logo":{"@type":"ImageObject","inLanguage":"fr-FR","@id":"https:\/\/nrracing21.com\/#\/schema\/logo\/image\/","url":"https:\/\/i0.wp.com\/nrracing21.com\/wp-content\/uploads\/2023\/03\/cropped-nr-2.jpg?fit=1249%2C343&ssl=1","contentUrl":"https:\/\/i0.wp.com\/nrracing21.com\/wp-content\/uploads\/2023\/03\/cropped-nr-2.jpg?fit=1249%2C343&ssl=1","width":1249,"height":343,"caption":"NR RACING"},"image":{"@id":"https:\/\/nrracing21.com\/#\/schema\/logo\/image\/"},"sameAs":["https:\/\/www.facebook.com\/NrRacingFixin\/"]}]}},"jetpack_sharing_enabled":true,"rttpg_featured_image_url":{"full":["https:\/\/i0.wp.com\/nrracing21.com\/wp-content\/uploads\/2023\/04\/magasin2.jpg?fit=2040%2C1273&ssl=1",2040,1273,false],"landscape":["https:\/\/nrracing21.com\/wp-content\/uploads\/2023\/04\/magasin2.jpg",2040,1273,false],"portraits":["https:\/\/nrracing21.com\/wp-content\/uploads\/2023\/04\/magasin2.jpg",2040,1273,false],"thumbnail":["https:\/\/i0.wp.com\/nrracing21.com\/wp-content\/uploads\/2023\/04\/magasin2.jpg?resize=150%2C150&ssl=1",150,150,true],"medium":["https:\/\/i0.wp.com\/nrracing21.com\/wp-content\/uploads\/2023\/04\/magasin2.jpg?fit=300%2C187&ssl=1",300,187,true],"large":["https:\/\/i0.wp.com\/nrracing21.com\/wp-content\/uploads\/2023\/04\/magasin2.jpg?fit=1070%2C668&ssl=1",1070,668,true],"1536x1536":["https:\/\/i0.wp.com\/nrracing21.com\/wp-content\/uploads\/2023\/04\/magasin2.jpg?fit=1536%2C958&ssl=1",1536,958,true],"2048x2048":["https:\/\/i0.wp.com\/nrracing21.com\/wp-content\/uploads\/2023\/04\/magasin2.jpg?fit=1273%2C1273&ssl=1",1273,1273,true],"mailpoet_newsletter_max":["https:\/\/i0.wp.com\/nrracing21.com\/wp-content\/uploads\/2023\/04\/magasin2.jpg?fit=1320%2C824&ssl=1",1320,824,true],"woocommerce_thumbnail":["https:\/\/i0.wp.com\/nrracing21.com\/wp-content\/uploads\/2023\/04\/magasin2.jpg?resize=200%2C200&ssl=1",200,200,true],"woocommerce_single":["https:\/\/i0.wp.com\/nrracing21.com\/wp-content\/uploads\/2023\/04\/magasin2.jpg?fit=600%2C374&ssl=1",600,374,true],"woocommerce_gallery_thumbnail":["https:\/\/i0.wp.com\/nrracing21.com\/wp-content\/uploads\/2023\/04\/magasin2.jpg?resize=100%2C100&ssl=1",100,100,true],"al-sml":["https:\/\/i0.wp.com\/nrracing21.com\/wp-content\/uploads\/2023\/04\/magasin2.jpg?resize=400%2C250&ssl=1",400,250,true]},"rttpg_author":{"display_name":"claudenurdin65@gmail.com","author_link":"https:\/\/nrracing21.com\/?author=1"},"rttpg_comment":0,"rttpg_category":null,"rttpg_excerpt":"\ud83d\ude80 Nos Occasions Moto : Pr\u00eates \u00e0 Rouler, Pr\u00eates \u00e0 Vous \u00c9merveiller ! Vous cherchez la moto de vos r\u00eaves sans vous ruiner ? Chez NR Racing, nous s\u00e9lectionnons avec soin chaque moto d\u2019occasion pour qu\u2019elle vous offre fiabilit\u00e9, style et sensations d\u00e8s le premier tour de roue. \ud83d\udca5 Pourquoi choisir nos occasions ? Contr\u00f4le\u2026","_links":{"self":[{"href":"https:\/\/nrracing21.com\/index.php?rest_route=\/wp\/v2\/pages\/2641"}],"collection":[{"href":"https:\/\/nrracing21.com\/index.php?rest_route=\/wp\/v2\/pages"}],"about":[{"href":"https:\/\/nrracing21.com\/index.php?rest_route=\/wp\/v2\/types\/page"}],"author":[{"embeddable":true,"href":"https:\/\/nrracing21.com\/index.php?rest_route=\/wp\/v2\/users\/1"}],"replies":[{"embeddable":true,"href":"https:\/\/nrracing21.com\/index.php?rest_route=%2Fwp%2Fv2%2Fcomments&post=2641"}],"version-history":[{"count":57,"href":"https:\/\/nrracing21.com\/index.php?rest_route=\/wp\/v2\/pages\/2641\/revisions"}],"predecessor-version":[{"id":5871,"href":"https:\/\/nrracing21.com\/index.php?rest_route=\/wp\/v2\/pages\/2641\/revisions\/5871"}],"wp:featuredmedia":[{"embeddable":true,"href":"https:\/\/nrracing21.com\/index.php?rest_route=\/wp\/v2\/media\/2567"}],"wp:attachment":[{"href":"https:\/\/nrracing21.com\/index.php?rest_route=%2Fwp%2Fv2%2Fmedia&parent=2641"}],"curies":[{"name":"wp","href":"https:\/\/api.w.org\/{rel}","templated":true}]}}